{"id":218,"date":"2022-08-30T18:27:50","date_gmt":"2022-08-30T15:27:50","guid":{"rendered":"https:\/\/www.yakutprefabrik.com.tr\/en\/?page_id=218"},"modified":"2022-09-14T12:43:02","modified_gmt":"2022-09-14T09:43:02","slug":"prefabricated-houses","status":"publish","type":"page","link":"https:\/\/www.yakutprefabrik.com.tr\/en\/prefabricated-houses\/","title":{"rendered":"Prefabricated Houses"},"content":{"rendered":"<div class=\"fusion-fullwidth fullwidth-box fusion-builder-row-1 fusion-flex-container has-pattern-background has-mask-background nonhundred-percent-fullwidth non-hundred-percent-height-scrolling\" style=\"--awb-border-radius-top-left:0px;--awb-border-radius-top-right:0px;--awb-border-radius-bottom-right:0px;--awb-border-radius-bottom-left:0px;--awb-padding-top:40px;--awb-flex-wrap:wrap;\" ><div class=\"fusion-builder-row fusion-row fusion-flex-align-items-flex-start fusion-flex-content-wrap\" style=\"max-width:1200px;margin-left: calc(-0% \/ 2 );margin-right: calc(-0% \/ 2 );\"><div class=\"fusion-layout-column fusion_builder_column fusion-builder-column-0 fusion_builder_column_1_1 1_1 fusion-flex-column\" style=\"--awb-bg-size:cover;--awb-width-large:100%;--awb-margin-top-large:0px;--awb-spacing-right-large:0%;--awb-margin-bottom-large:0px;--awb-spacing-left-large:0%;--awb-width-medium:100%;--awb-order-medium:0;--awb-spacing-right-medium:0%;--awb-spacing-left-medium:0%;--awb-width-small:100%;--awb-order-small:0;--awb-spacing-right-small:0%;--awb-spacing-left-small:0%;\"><div class=\"fusion-column-wrapper fusion-column-has-shadow fusion-flex-justify-content-flex-start fusion-content-layout-column\"><div class=\"fusion-text fusion-text-1\"><p>Yakut Prefabrik Ev<\/p>\n<p>G\u00f6rsellerin tamam\u0131 bizim yapt\u0131\u011f\u0131m\u0131z projelere aittir. Be\u011fendi\u011finiz herhangi bir modeli bizimle payla\u015f\u0131p sipari\u015f verebilirsiniz.<\/p>\n<p>Not: G\u00f6rsellerin izinsiz kullan\u0131lmas\u0131 ve kaydedilmesi yasakt\u0131r.<\/p>\n<\/div><div class=\"awb-gallery-wrapper awb-gallery-wrapper-1 button-span-no\" style=\"--more-btn-alignment:center;\"><div style=\"margin:-5px;--awb-bordersize:0px;\" class=\"fusion-gallery fusion-gallery-container fusion-grid-3 fusion-columns-total-21 fusion-gallery-layout-grid fusion-gallery-1\"><div style=\"padding:5px;\" class=\"fusion-grid-column fusion-gallery-column fusion-gallery-column-3 hover-type-none\"><div class=\"fusion-gallery-image\"><a href=\"https:\/\/www.yakutprefabrik.com.tr\/en\/wp-content\/uploads\/2022\/09\/3.jpg\" rel=\"noreferrer\" data-rel=\"iLightbox[gallery_image_1]\" class=\"fusion-lightbox\" target=\"_self\"><img decoding=\"async\" src=\"https:\/\/www.yakutprefabrik.com.tr\/en\/wp-content\/uploads\/2022\/09\/3.jpg\" width=\"1000\" height=\"750\" alt=\"\" title=\"3\" aria-label=\"3\" class=\"img-responsive wp-image-454\" srcset=\"https:\/\/www.yakutprefabrik.com.tr\/en\/wp-content\/uploads\/2022\/09\/3-200x150.jpg 200w, https:\/\/www.yakutprefabrik.com.tr\/en\/wp-content\/uploads\/2022\/09\/3-400x300.jpg 400w, https:\/\/www.yakutprefabrik.com.tr\/en\/wp-content\/uploads\/2022\/09\/3-600x450.jpg 600w, https:\/\/www.yakutprefabrik.com.tr\/en\/wp-content\/uploads\/2022\/09\/3-800x600.jpg 800w, https:\/\/www.yakutprefabrik.com.tr\/en\/wp-content\/uploads\/2022\/09\/3.jpg 1000w\" sizes=\"(min-width: 2200px) 100vw, (min-width: 784px) 397px, (min-width: 712px) 595px, (min-width: 640px) 712px, \" \/><\/a><\/div><\/div><div style=\"padding:5px;\" class=\"fusion-grid-column fusion-gallery-column fusion-gallery-column-3 hover-type-none\"><div class=\"fusion-gallery-image\"><a href=\"https:\/\/www.yakutprefabrik.com.tr\/en\/wp-content\/uploads\/2022\/09\/5.jpg\" rel=\"noreferrer\" data-rel=\"iLightbox[gallery_image_1]\" class=\"fusion-lightbox\" target=\"_self\"><img decoding=\"async\" src=\"https:\/\/www.yakutprefabrik.com.tr\/en\/wp-content\/uploads\/2022\/09\/5.jpg\" width=\"800\" height=\"450\" alt=\"\" title=\"5\" aria-label=\"5\" class=\"img-responsive wp-image-456\" srcset=\"https:\/\/www.yakutprefabrik.com.tr\/en\/wp-content\/uploads\/2022\/09\/5-200x113.jpg 200w, https:\/\/www.yakutprefabrik.com.tr\/en\/wp-content\/uploads\/2022\/09\/5-400x225.jpg 400w, https:\/\/www.yakutprefabrik.com.tr\/en\/wp-content\/uploads\/2022\/09\/5-600x338.jpg 600w, https:\/\/www.yakutprefabrik.com.tr\/en\/wp-content\/uploads\/2022\/09\/5.jpg 800w\" sizes=\"(min-width: 2200px) 100vw, (min-width: 784px) 397px, (min-width: 712px) 595px, (min-width: 640px) 712px, \" \/><\/a><\/div><\/div><div style=\"padding:5px;\" class=\"fusion-grid-column fusion-gallery-column fusion-gallery-column-3 hover-type-none\"><div class=\"fusion-gallery-image\"><a href=\"https:\/\/www.yakutprefabrik.com.tr\/en\/wp-content\/uploads\/2022\/09\/6.jpg\" rel=\"noreferrer\" data-rel=\"iLightbox[gallery_image_1]\" class=\"fusion-lightbox\" target=\"_self\"><img decoding=\"async\" src=\"https:\/\/www.yakutprefabrik.com.tr\/en\/wp-content\/uploads\/2022\/09\/6.jpg\" width=\"800\" height=\"450\" alt=\"\" title=\"6\" aria-label=\"6\" class=\"img-responsive wp-image-457\" srcset=\"https:\/\/www.yakutprefabrik.com.tr\/en\/wp-content\/uploads\/2022\/09\/6-200x113.jpg 200w, https:\/\/www.yakutprefabrik.com.tr\/en\/wp-content\/uploads\/2022\/09\/6-400x225.jpg 400w, https:\/\/www.yakutprefabrik.com.tr\/en\/wp-content\/uploads\/2022\/09\/6-600x338.jpg 600w, https:\/\/www.yakutprefabrik.com.tr\/en\/wp-content\/uploads\/2022\/09\/6.jpg 800w\" sizes=\"(min-width: 2200px) 100vw, (min-width: 784px) 397px, (min-width: 712px) 595px, (min-width: 640px) 712px, \" \/><\/a><\/div><\/div><div class=\"clearfix\"><\/div><div style=\"padding:5px;\" class=\"fusion-grid-column fusion-gallery-column fusion-gallery-column-3 hover-type-none\"><div class=\"fusion-gallery-image\"><a href=\"https:\/\/www.yakutprefabrik.com.tr\/en\/wp-content\/uploads\/2022\/09\/7.jpg\" rel=\"noreferrer\" data-rel=\"iLightbox[gallery_image_1]\" class=\"fusion-lightbox\" target=\"_self\"><img decoding=\"async\" src=\"https:\/\/www.yakutprefabrik.com.tr\/en\/wp-content\/uploads\/2022\/09\/7.jpg\" width=\"1000\" height=\"750\" alt=\"\" title=\"7\" aria-label=\"7\" class=\"img-responsive wp-image-458\" srcset=\"https:\/\/www.yakutprefabrik.com.tr\/en\/wp-content\/uploads\/2022\/09\/7-200x150.jpg 200w, https:\/\/www.yakutprefabrik.com.tr\/en\/wp-content\/uploads\/2022\/09\/7-400x300.jpg 400w, https:\/\/www.yakutprefabrik.com.tr\/en\/wp-content\/uploads\/2022\/09\/7-600x450.jpg 600w, https:\/\/www.yakutprefabrik.com.tr\/en\/wp-content\/uploads\/2022\/09\/7-800x600.jpg 800w, https:\/\/www.yakutprefabrik.com.tr\/en\/wp-content\/uploads\/2022\/09\/7.jpg 1000w\" sizes=\"(min-width: 2200px) 100vw, (min-width: 784px) 397px, (min-width: 712px) 595px, (min-width: 640px) 712px, \" \/><\/a><\/div><\/div><div style=\"padding:5px;\" class=\"fusion-grid-column fusion-gallery-column fusion-gallery-column-3 hover-type-none\"><div class=\"fusion-gallery-image\"><a href=\"https:\/\/www.yakutprefabrik.com.tr\/en\/wp-content\/uploads\/2022\/09\/9.jpg\" rel=\"noreferrer\" data-rel=\"iLightbox[gallery_image_1]\" class=\"fusion-lightbox\" target=\"_self\"><img decoding=\"async\" src=\"https:\/\/www.yakutprefabrik.com.tr\/en\/wp-content\/uploads\/2022\/09\/9.jpg\" width=\"1000\" height=\"750\" alt=\"\" title=\"9\" aria-label=\"9\" class=\"img-responsive wp-image-460\" srcset=\"https:\/\/www.yakutprefabrik.com.tr\/en\/wp-content\/uploads\/2022\/09\/9-200x150.jpg 200w, https:\/\/www.yakutprefabrik.com.tr\/en\/wp-content\/uploads\/2022\/09\/9-400x300.jpg 400w, https:\/\/www.yakutprefabrik.com.tr\/en\/wp-content\/uploads\/2022\/09\/9-600x450.jpg 600w, https:\/\/www.yakutprefabrik.com.tr\/en\/wp-content\/uploads\/2022\/09\/9-800x600.jpg 800w, https:\/\/www.yakutprefabrik.com.tr\/en\/wp-content\/uploads\/2022\/09\/9.jpg 1000w\" sizes=\"(min-width: 2200px) 100vw, (min-width: 784px) 397px, (min-width: 712px) 595px, (min-width: 640px) 712px, \" \/><\/a><\/div><\/div><div style=\"padding:5px;\" class=\"fusion-grid-column fusion-gallery-column fusion-gallery-column-3 hover-type-none\"><div class=\"fusion-gallery-image\"><a href=\"https:\/\/www.yakutprefabrik.com.tr\/en\/wp-content\/uploads\/2022\/09\/12.jpg\" rel=\"noreferrer\" data-rel=\"iLightbox[gallery_image_1]\" class=\"fusion-lightbox\" target=\"_self\"><img decoding=\"async\" src=\"https:\/\/www.yakutprefabrik.com.tr\/en\/wp-content\/uploads\/2022\/09\/12.jpg\" width=\"1000\" height=\"750\" alt=\"\" title=\"12\" aria-label=\"12\" class=\"img-responsive wp-image-463\" srcset=\"https:\/\/www.yakutprefabrik.com.tr\/en\/wp-content\/uploads\/2022\/09\/12-200x150.jpg 200w, https:\/\/www.yakutprefabrik.com.tr\/en\/wp-content\/uploads\/2022\/09\/12-400x300.jpg 400w, https:\/\/www.yakutprefabrik.com.tr\/en\/wp-content\/uploads\/2022\/09\/12-600x450.jpg 600w, https:\/\/www.yakutprefabrik.com.tr\/en\/wp-content\/uploads\/2022\/09\/12-800x600.jpg 800w, https:\/\/www.yakutprefabrik.com.tr\/en\/wp-content\/uploads\/2022\/09\/12.jpg 1000w\" sizes=\"(min-width: 2200px) 100vw, (min-width: 784px) 397px, (min-width: 712px) 595px, (min-width: 640px) 712px, \" \/><\/a><\/div><\/div><div class=\"clearfix\"><\/div><div style=\"padding:5px;\" class=\"fusion-grid-column fusion-gallery-column fusion-gallery-column-3 hover-type-none\"><div class=\"fusion-gallery-image\"><a href=\"https:\/\/www.yakutprefabrik.com.tr\/en\/wp-content\/uploads\/2022\/09\/14.jpg\" rel=\"noreferrer\" data-rel=\"iLightbox[gallery_image_1]\" class=\"fusion-lightbox\" target=\"_self\"><img decoding=\"async\" src=\"https:\/\/www.yakutprefabrik.com.tr\/en\/wp-content\/uploads\/2022\/09\/14.jpg\" width=\"1000\" height=\"750\" alt=\"\" title=\"14\" aria-label=\"14\" class=\"img-responsive wp-image-465\" srcset=\"https:\/\/www.yakutprefabrik.com.tr\/en\/wp-content\/uploads\/2022\/09\/14-200x150.jpg 200w, https:\/\/www.yakutprefabrik.com.tr\/en\/wp-content\/uploads\/2022\/09\/14-400x300.jpg 400w, https:\/\/www.yakutprefabrik.com.tr\/en\/wp-content\/uploads\/2022\/09\/14-600x450.jpg 600w, https:\/\/www.yakutprefabrik.com.tr\/en\/wp-content\/uploads\/2022\/09\/14-800x600.jpg 800w, https:\/\/www.yakutprefabrik.com.tr\/en\/wp-content\/uploads\/2022\/09\/14.jpg 1000w\" sizes=\"(min-width: 2200px) 100vw, (min-width: 784px) 397px, (min-width: 712px) 595px, (min-width: 640px) 712px, \" \/><\/a><\/div><\/div><div style=\"padding:5px;\" class=\"fusion-grid-column fusion-gallery-column fusion-gallery-column-3 hover-type-none\"><div class=\"fusion-gallery-image\"><a href=\"https:\/\/www.yakutprefabrik.com.tr\/en\/wp-content\/uploads\/2022\/09\/15.jpg\" rel=\"noreferrer\" data-rel=\"iLightbox[gallery_image_1]\" class=\"fusion-lightbox\" target=\"_self\"><img decoding=\"async\" src=\"https:\/\/www.yakutprefabrik.com.tr\/en\/wp-content\/uploads\/2022\/09\/15.jpg\" width=\"1000\" height=\"750\" alt=\"\" title=\"15\" aria-label=\"15\" class=\"img-responsive wp-image-466\" srcset=\"https:\/\/www.yakutprefabrik.com.tr\/en\/wp-content\/uploads\/2022\/09\/15-200x150.jpg 200w, https:\/\/www.yakutprefabrik.com.tr\/en\/wp-content\/uploads\/2022\/09\/15-400x300.jpg 400w, https:\/\/www.yakutprefabrik.com.tr\/en\/wp-content\/uploads\/2022\/09\/15-600x450.jpg 600w, https:\/\/www.yakutprefabrik.com.tr\/en\/wp-content\/uploads\/2022\/09\/15-800x600.jpg 800w, https:\/\/www.yakutprefabrik.com.tr\/en\/wp-content\/uploads\/2022\/09\/15.jpg 1000w\" sizes=\"(min-width: 2200px) 100vw, (min-width: 784px) 397px, (min-width: 712px) 595px, (min-width: 640px) 712px, \" \/><\/a><\/div><\/div><div style=\"padding:5px;\" class=\"fusion-grid-column fusion-gallery-column fusion-gallery-column-3 hover-type-none\"><div class=\"fusion-gallery-image\"><a href=\"https:\/\/www.yakutprefabrik.com.tr\/en\/wp-content\/uploads\/2022\/09\/16.jpg\" rel=\"noreferrer\" data-rel=\"iLightbox[gallery_image_1]\" class=\"fusion-lightbox\" target=\"_self\"><img decoding=\"async\" src=\"https:\/\/www.yakutprefabrik.com.tr\/en\/wp-content\/uploads\/2022\/09\/16.jpg\" width=\"1000\" height=\"750\" alt=\"\" title=\"16\" aria-label=\"16\" class=\"img-responsive wp-image-467\" srcset=\"https:\/\/www.yakutprefabrik.com.tr\/en\/wp-content\/uploads\/2022\/09\/16-200x150.jpg 200w, https:\/\/www.yakutprefabrik.com.tr\/en\/wp-content\/uploads\/2022\/09\/16-400x300.jpg 400w, https:\/\/www.yakutprefabrik.com.tr\/en\/wp-content\/uploads\/2022\/09\/16-600x450.jpg 600w, https:\/\/www.yakutprefabrik.com.tr\/en\/wp-content\/uploads\/2022\/09\/16-800x600.jpg 800w, https:\/\/www.yakutprefabrik.com.tr\/en\/wp-content\/uploads\/2022\/09\/16.jpg 1000w\" sizes=\"(min-width: 2200px) 100vw, (min-width: 784px) 397px, (min-width: 712px) 595px, (min-width: 640px) 712px, \" \/><\/a><\/div><\/div><div class=\"clearfix\"><\/div><div style=\"padding:5px;\" class=\"fusion-grid-column fusion-gallery-column fusion-gallery-column-3 hover-type-none\"><div class=\"fusion-gallery-image\"><a href=\"https:\/\/www.yakutprefabrik.com.tr\/en\/wp-content\/uploads\/2022\/09\/17.jpg\" rel=\"noreferrer\" data-rel=\"iLightbox[gallery_image_1]\" class=\"fusion-lightbox\" target=\"_self\"><img decoding=\"async\" src=\"https:\/\/www.yakutprefabrik.com.tr\/en\/wp-content\/uploads\/2022\/09\/17.jpg\" width=\"1000\" height=\"750\" alt=\"\" title=\"17\" aria-label=\"17\" class=\"img-responsive wp-image-468\" srcset=\"https:\/\/www.yakutprefabrik.com.tr\/en\/wp-content\/uploads\/2022\/09\/17-200x150.jpg 200w, https:\/\/www.yakutprefabrik.com.tr\/en\/wp-content\/uploads\/2022\/09\/17-400x300.jpg 400w, https:\/\/www.yakutprefabrik.com.tr\/en\/wp-content\/uploads\/2022\/09\/17-600x450.jpg 600w, https:\/\/www.yakutprefabrik.com.tr\/en\/wp-content\/uploads\/2022\/09\/17-800x600.jpg 800w, https:\/\/www.yakutprefabrik.com.tr\/en\/wp-content\/uploads\/2022\/09\/17.jpg 1000w\" sizes=\"(min-width: 2200px) 100vw, (min-width: 784px) 397px, (min-width: 712px) 595px, (min-width: 640px) 712px, \" \/><\/a><\/div><\/div><div style=\"padding:5px;\" class=\"fusion-grid-column fusion-gallery-column fusion-gallery-column-3 hover-type-none\"><div class=\"fusion-gallery-image\"><a href=\"https:\/\/www.yakutprefabrik.com.tr\/en\/wp-content\/uploads\/2022\/09\/19.jpg\" rel=\"noreferrer\" data-rel=\"iLightbox[gallery_image_1]\" class=\"fusion-lightbox\" target=\"_self\"><img decoding=\"async\" src=\"https:\/\/www.yakutprefabrik.com.tr\/en\/wp-content\/uploads\/2022\/09\/19.jpg\" width=\"1000\" height=\"750\" alt=\"\" title=\"19\" aria-label=\"19\" class=\"img-responsive wp-image-470\" srcset=\"https:\/\/www.yakutprefabrik.com.tr\/en\/wp-content\/uploads\/2022\/09\/19-200x150.jpg 200w, https:\/\/www.yakutprefabrik.com.tr\/en\/wp-content\/uploads\/2022\/09\/19-400x300.jpg 400w, https:\/\/www.yakutprefabrik.com.tr\/en\/wp-content\/uploads\/2022\/09\/19-600x450.jpg 600w, https:\/\/www.yakutprefabrik.com.tr\/en\/wp-content\/uploads\/2022\/09\/19-800x600.jpg 800w, https:\/\/www.yakutprefabrik.com.tr\/en\/wp-content\/uploads\/2022\/09\/19.jpg 1000w\" sizes=\"(min-width: 2200px) 100vw, (min-width: 784px) 397px, (min-width: 712px) 595px, (min-width: 640px) 712px, \" \/><\/a><\/div><\/div><div style=\"padding:5px;\" class=\"fusion-grid-column fusion-gallery-column fusion-gallery-column-3 hover-type-none\"><div class=\"fusion-gallery-image\"><a href=\"https:\/\/www.yakutprefabrik.com.tr\/en\/wp-content\/uploads\/2022\/09\/22.jpg\" rel=\"noreferrer\" data-rel=\"iLightbox[gallery_image_1]\" class=\"fusion-lightbox\" target=\"_self\"><img decoding=\"async\" src=\"https:\/\/www.yakutprefabrik.com.tr\/en\/wp-content\/uploads\/2022\/09\/22.jpg\" width=\"800\" height=\"450\" alt=\"\" title=\"22\" aria-label=\"22\" class=\"img-responsive wp-image-473\" srcset=\"https:\/\/www.yakutprefabrik.com.tr\/en\/wp-content\/uploads\/2022\/09\/22-200x113.jpg 200w, https:\/\/www.yakutprefabrik.com.tr\/en\/wp-content\/uploads\/2022\/09\/22-400x225.jpg 400w, https:\/\/www.yakutprefabrik.com.tr\/en\/wp-content\/uploads\/2022\/09\/22-600x338.jpg 600w, https:\/\/www.yakutprefabrik.com.tr\/en\/wp-content\/uploads\/2022\/09\/22.jpg 800w\" sizes=\"(min-width: 2200px) 100vw, (min-width: 784px) 397px, (min-width: 712px) 595px, (min-width: 640px) 712px, \" \/><\/a><\/div><\/div><div class=\"clearfix\"><\/div><div style=\"padding:5px;\" class=\"fusion-grid-column fusion-gallery-column fusion-gallery-column-3 hover-type-none\"><div class=\"fusion-gallery-image\"><a href=\"https:\/\/www.yakutprefabrik.com.tr\/en\/wp-content\/uploads\/2022\/09\/DSC_0230.jpg\" rel=\"noreferrer\" data-rel=\"iLightbox[gallery_image_1]\" class=\"fusion-lightbox\" target=\"_self\"><img decoding=\"async\" src=\"https:\/\/www.yakutprefabrik.com.tr\/en\/wp-content\/uploads\/2022\/09\/DSC_0230.jpg\" width=\"800\" height=\"600\" alt=\"\" title=\"DSC_0230\" aria-label=\"DSC_0230\" class=\"img-responsive wp-image-609\" srcset=\"https:\/\/www.yakutprefabrik.com.tr\/en\/wp-content\/uploads\/2022\/09\/DSC_0230-200x150.jpg 200w, https:\/\/www.yakutprefabrik.com.tr\/en\/wp-content\/uploads\/2022\/09\/DSC_0230-400x300.jpg 400w, https:\/\/www.yakutprefabrik.com.tr\/en\/wp-content\/uploads\/2022\/09\/DSC_0230-600x450.jpg 600w, https:\/\/www.yakutprefabrik.com.tr\/en\/wp-content\/uploads\/2022\/09\/DSC_0230.jpg 800w\" sizes=\"(min-width: 2200px) 100vw, (min-width: 784px) 397px, (min-width: 712px) 595px, (min-width: 640px) 712px, \" \/><\/a><\/div><\/div><div style=\"padding:5px;\" class=\"fusion-grid-column fusion-gallery-column fusion-gallery-column-3 hover-type-none\"><div class=\"fusion-gallery-image\"><a href=\"https:\/\/www.yakutprefabrik.com.tr\/en\/wp-content\/uploads\/2022\/09\/DSC_0229.jpg\" rel=\"noreferrer\" data-rel=\"iLightbox[gallery_image_1]\" class=\"fusion-lightbox\" target=\"_self\"><img decoding=\"async\" src=\"https:\/\/www.yakutprefabrik.com.tr\/en\/wp-content\/uploads\/2022\/09\/DSC_0229.jpg\" width=\"800\" height=\"600\" alt=\"\" title=\"DSC_0229\" aria-label=\"DSC_0229\" class=\"img-responsive wp-image-608\" srcset=\"https:\/\/www.yakutprefabrik.com.tr\/en\/wp-content\/uploads\/2022\/09\/DSC_0229-200x150.jpg 200w, https:\/\/www.yakutprefabrik.com.tr\/en\/wp-content\/uploads\/2022\/09\/DSC_0229-400x300.jpg 400w, https:\/\/www.yakutprefabrik.com.tr\/en\/wp-content\/uploads\/2022\/09\/DSC_0229-600x450.jpg 600w, https:\/\/www.yakutprefabrik.com.tr\/en\/wp-content\/uploads\/2022\/09\/DSC_0229.jpg 800w\" sizes=\"(min-width: 2200px) 100vw, (min-width: 784px) 397px, (min-width: 712px) 595px, (min-width: 640px) 712px, \" \/><\/a><\/div><\/div><div style=\"padding:5px;\" class=\"fusion-grid-column fusion-gallery-column fusion-gallery-column-3 hover-type-none\"><div class=\"fusion-gallery-image\"><a href=\"https:\/\/www.yakutprefabrik.com.tr\/en\/wp-content\/uploads\/2022\/09\/DSC_0228.jpg\" rel=\"noreferrer\" data-rel=\"iLightbox[gallery_image_1]\" class=\"fusion-lightbox\" target=\"_self\"><img decoding=\"async\" src=\"https:\/\/www.yakutprefabrik.com.tr\/en\/wp-content\/uploads\/2022\/09\/DSC_0228.jpg\" width=\"800\" height=\"600\" alt=\"\" title=\"DSC_0228\" aria-label=\"DSC_0228\" class=\"img-responsive wp-image-607\" srcset=\"https:\/\/www.yakutprefabrik.com.tr\/en\/wp-content\/uploads\/2022\/09\/DSC_0228-200x150.jpg 200w, https:\/\/www.yakutprefabrik.com.tr\/en\/wp-content\/uploads\/2022\/09\/DSC_0228-400x300.jpg 400w, https:\/\/www.yakutprefabrik.com.tr\/en\/wp-content\/uploads\/2022\/09\/DSC_0228-600x450.jpg 600w, https:\/\/www.yakutprefabrik.com.tr\/en\/wp-content\/uploads\/2022\/09\/DSC_0228.jpg 800w\" sizes=\"(min-width: 2200px) 100vw, (min-width: 784px) 397px, (min-width: 712px) 595px, (min-width: 640px) 712px, \" \/><\/a><\/div><\/div><div class=\"clearfix\"><\/div><div style=\"padding:5px;\" class=\"fusion-grid-column fusion-gallery-column fusion-gallery-column-3 hover-type-none\"><div class=\"fusion-gallery-image\"><a href=\"https:\/\/www.yakutprefabrik.com.tr\/en\/wp-content\/uploads\/2022\/09\/DSC_0227.jpg\" rel=\"noreferrer\" data-rel=\"iLightbox[gallery_image_1]\" class=\"fusion-lightbox\" target=\"_self\"><img decoding=\"async\" src=\"https:\/\/www.yakutprefabrik.com.tr\/en\/wp-content\/uploads\/2022\/09\/DSC_0227.jpg\" width=\"800\" height=\"600\" alt=\"\" title=\"DSC_0227\" aria-label=\"DSC_0227\" class=\"img-responsive wp-image-606\" srcset=\"https:\/\/www.yakutprefabrik.com.tr\/en\/wp-content\/uploads\/2022\/09\/DSC_0227-200x150.jpg 200w, https:\/\/www.yakutprefabrik.com.tr\/en\/wp-content\/uploads\/2022\/09\/DSC_0227-400x300.jpg 400w, https:\/\/www.yakutprefabrik.com.tr\/en\/wp-content\/uploads\/2022\/09\/DSC_0227-600x450.jpg 600w, https:\/\/www.yakutprefabrik.com.tr\/en\/wp-content\/uploads\/2022\/09\/DSC_0227.jpg 800w\" sizes=\"(min-width: 2200px) 100vw, (min-width: 784px) 397px, (min-width: 712px) 595px, (min-width: 640px) 712px, \" \/><\/a><\/div><\/div><div style=\"padding:5px;\" class=\"fusion-grid-column fusion-gallery-column fusion-gallery-column-3 hover-type-none\"><div class=\"fusion-gallery-image\"><a href=\"https:\/\/www.yakutprefabrik.com.tr\/en\/wp-content\/uploads\/2022\/09\/DSC_0226.jpg\" rel=\"noreferrer\" data-rel=\"iLightbox[gallery_image_1]\" class=\"fusion-lightbox\" target=\"_self\"><img decoding=\"async\" src=\"https:\/\/www.yakutprefabrik.com.tr\/en\/wp-content\/uploads\/2022\/09\/DSC_0226.jpg\" width=\"800\" height=\"600\" alt=\"\" title=\"DSC_0226\" aria-label=\"DSC_0226\" class=\"img-responsive wp-image-605\" srcset=\"https:\/\/www.yakutprefabrik.com.tr\/en\/wp-content\/uploads\/2022\/09\/DSC_0226-200x150.jpg 200w, https:\/\/www.yakutprefabrik.com.tr\/en\/wp-content\/uploads\/2022\/09\/DSC_0226-400x300.jpg 400w, https:\/\/www.yakutprefabrik.com.tr\/en\/wp-content\/uploads\/2022\/09\/DSC_0226-600x450.jpg 600w, https:\/\/www.yakutprefabrik.com.tr\/en\/wp-content\/uploads\/2022\/09\/DSC_0226.jpg 800w\" sizes=\"(min-width: 2200px) 100vw, (min-width: 784px) 397px, (min-width: 712px) 595px, (min-width: 640px) 712px, \" \/><\/a><\/div><\/div><div style=\"padding:5px;\" class=\"fusion-grid-column fusion-gallery-column fusion-gallery-column-3 hover-type-none\"><div class=\"fusion-gallery-image\"><a href=\"https:\/\/www.yakutprefabrik.com.tr\/en\/wp-content\/uploads\/2022\/09\/DSC_1303-1.jpg\" rel=\"noreferrer\" data-rel=\"iLightbox[gallery_image_1]\" class=\"fusion-lightbox\" target=\"_self\"><img decoding=\"async\" src=\"https:\/\/www.yakutprefabrik.com.tr\/en\/wp-content\/uploads\/2022\/09\/DSC_1303-1.jpg\" width=\"800\" height=\"600\" alt=\"\" title=\"DSC_1303-1\" aria-label=\"DSC_1303-1\" class=\"img-responsive wp-image-681\" srcset=\"https:\/\/www.yakutprefabrik.com.tr\/en\/wp-content\/uploads\/2022\/09\/DSC_1303-1-200x150.jpg 200w, https:\/\/www.yakutprefabrik.com.tr\/en\/wp-content\/uploads\/2022\/09\/DSC_1303-1-400x300.jpg 400w, https:\/\/www.yakutprefabrik.com.tr\/en\/wp-content\/uploads\/2022\/09\/DSC_1303-1-600x450.jpg 600w, https:\/\/www.yakutprefabrik.com.tr\/en\/wp-content\/uploads\/2022\/09\/DSC_1303-1.jpg 800w\" sizes=\"(min-width: 2200px) 100vw, (min-width: 784px) 397px, (min-width: 712px) 595px, (min-width: 640px) 712px, \" \/><\/a><\/div><\/div><div class=\"clearfix\"><\/div><div style=\"padding:5px;\" class=\"fusion-grid-column fusion-gallery-column fusion-gallery-column-3 hover-type-none\"><div class=\"fusion-gallery-image\"><a href=\"https:\/\/www.yakutprefabrik.com.tr\/en\/wp-content\/uploads\/2022\/09\/DSC_1297.jpg\" rel=\"noreferrer\" data-rel=\"iLightbox[gallery_image_1]\" class=\"fusion-lightbox\" target=\"_self\"><img decoding=\"async\" src=\"https:\/\/www.yakutprefabrik.com.tr\/en\/wp-content\/uploads\/2022\/09\/DSC_1297.jpg\" width=\"800\" height=\"600\" alt=\"\" title=\"DSC_1297\" aria-label=\"DSC_1297\" class=\"img-responsive wp-image-680\" srcset=\"https:\/\/www.yakutprefabrik.com.tr\/en\/wp-content\/uploads\/2022\/09\/DSC_1297-200x150.jpg 200w, https:\/\/www.yakutprefabrik.com.tr\/en\/wp-content\/uploads\/2022\/09\/DSC_1297-400x300.jpg 400w, https:\/\/www.yakutprefabrik.com.tr\/en\/wp-content\/uploads\/2022\/09\/DSC_1297-600x450.jpg 600w, https:\/\/www.yakutprefabrik.com.tr\/en\/wp-content\/uploads\/2022\/09\/DSC_1297.jpg 800w\" sizes=\"(min-width: 2200px) 100vw, (min-width: 784px) 397px, (min-width: 712px) 595px, (min-width: 640px) 712px, \" \/><\/a><\/div><\/div><div style=\"padding:5px;\" class=\"fusion-grid-column fusion-gallery-column fusion-gallery-column-3 hover-type-none\"><div class=\"fusion-gallery-image\"><a href=\"https:\/\/www.yakutprefabrik.com.tr\/en\/wp-content\/uploads\/2022\/09\/DSC_1294.jpg\" rel=\"noreferrer\" data-rel=\"iLightbox[gallery_image_1]\" class=\"fusion-lightbox\" target=\"_self\"><img decoding=\"async\" src=\"https:\/\/www.yakutprefabrik.com.tr\/en\/wp-content\/uploads\/2022\/09\/DSC_1294.jpg\" width=\"800\" height=\"600\" alt=\"\" title=\"DSC_1294\" aria-label=\"DSC_1294\" class=\"img-responsive wp-image-679\" srcset=\"https:\/\/www.yakutprefabrik.com.tr\/en\/wp-content\/uploads\/2022\/09\/DSC_1294-200x150.jpg 200w, https:\/\/www.yakutprefabrik.com.tr\/en\/wp-content\/uploads\/2022\/09\/DSC_1294-400x300.jpg 400w, https:\/\/www.yakutprefabrik.com.tr\/en\/wp-content\/uploads\/2022\/09\/DSC_1294-600x450.jpg 600w, https:\/\/www.yakutprefabrik.com.tr\/en\/wp-content\/uploads\/2022\/09\/DSC_1294.jpg 800w\" sizes=\"(min-width: 2200px) 100vw, (min-width: 784px) 397px, (min-width: 712px) 595px, (min-width: 640px) 712px, \" \/><\/a><\/div><\/div><div style=\"padding:5px;\" class=\"fusion-grid-column fusion-gallery-column fusion-gallery-column-3 hover-type-none\"><div class=\"fusion-gallery-image\"><a href=\"https:\/\/www.yakutprefabrik.com.tr\/en\/wp-content\/uploads\/2022\/09\/DSC_1292.jpg\" rel=\"noreferrer\" data-rel=\"iLightbox[gallery_image_1]\" class=\"fusion-lightbox\" target=\"_self\"><img decoding=\"async\" src=\"https:\/\/www.yakutprefabrik.com.tr\/en\/wp-content\/uploads\/2022\/09\/DSC_1292.jpg\" width=\"800\" height=\"600\" alt=\"\" title=\"DSC_1292\" aria-label=\"DSC_1292\" class=\"img-responsive wp-image-678\" srcset=\"https:\/\/www.yakutprefabrik.com.tr\/en\/wp-content\/uploads\/2022\/09\/DSC_1292-200x150.jpg 200w, https:\/\/www.yakutprefabrik.com.tr\/en\/wp-content\/uploads\/2022\/09\/DSC_1292-400x300.jpg 400w, https:\/\/www.yakutprefabrik.com.tr\/en\/wp-content\/uploads\/2022\/09\/DSC_1292-600x450.jpg 600w, https:\/\/www.yakutprefabrik.com.tr\/en\/wp-content\/uploads\/2022\/09\/DSC_1292.jpg 800w\" sizes=\"(min-width: 2200px) 100vw, (min-width: 784px) 397px, (min-width: 712px) 595px, (min-width: 640px) 712px, \" \/><\/a><\/div><\/div><div class=\"clearfix\"><\/div><\/div><\/div><\/div><\/div><\/div><\/div>\n","protected":false},"excerpt":{"rendered":"","protected":false},"author":1,"featured_media":0,"parent":0,"menu_order":0,"comment_status":"closed","ping_status":"closed","template":"100-width.php","meta":{"footnotes":""},"class_list":["post-218","page","type-page","status-publish","hentry"],"_links":{"self":[{"href":"https:\/\/www.yakutprefabrik.com.tr\/en\/wp-json\/wp\/v2\/pages\/218","targetHints":{"allow":["GET"]}}],"collection":[{"href":"https:\/\/www.yakutprefabrik.com.tr\/en\/wp-json\/wp\/v2\/pages"}],"about":[{"href":"https:\/\/www.yakutprefabrik.com.tr\/en\/wp-json\/wp\/v2\/types\/page"}],"author":[{"embeddable":true,"href":"https:\/\/www.yakutprefabrik.com.tr\/en\/wp-json\/wp\/v2\/users\/1"}],"replies":[{"embeddable":true,"href":"https:\/\/www.yakutprefabrik.com.tr\/en\/wp-json\/wp\/v2\/comments?post=218"}],"version-history":[{"count":9,"href":"https:\/\/www.yakutprefabrik.com.tr\/en\/wp-json\/wp\/v2\/pages\/218\/revisions"}],"predecessor-version":[{"id":990,"href":"https:\/\/www.yakutprefabrik.com.tr\/en\/wp-json\/wp\/v2\/pages\/218\/revisions\/990"}],"wp:attachment":[{"href":"https:\/\/www.yakutprefabrik.com.tr\/en\/wp-json\/wp\/v2\/media?parent=218"}],"curies":[{"name":"wp","href":"https:\/\/api.w.org\/{rel}","templated":true}]}}